{"id":1130,"date":"2014-07-05T18:55:58","date_gmt":"2014-07-05T17:55:58","guid":{"rendered":"http:\/\/www.salsa-meets-swing.de\/wordpress\/?page_id=1130"},"modified":"2025-06-11T20:09:07","modified_gmt":"2025-06-11T19:09:07","slug":"home","status":"publish","type":"page","link":"https:\/\/www.salsa-meets-swing.de\/wordpress\/","title":{"rendered":"Home"},"content":{"rendered":"\n<h2><em>TANZEN IST PURE LEBENSFREUDE<\/em><\/h2>\n\n\n\n<h4>&nbsp;<\/h4>\n\n\n\n<p style=\"font-size:24px\"><strong>3. August 2025 &#8211; Salsa-Bachata Bootstour<\/strong><\/p>\n\n\n\n<p><span style=\"font-size: revert;\">Liebe Hot-Peppers und Freunde,<\/span><br \/><span style=\"font-size: revert;\">wir w\u00fcrden uns freuen<\/span> euch auf dem Eventschiff Ruhrperle begr\u00fc\u00dfen zu d\u00fcrfen<br \/>um gemeinsam ein paar rhythmische und sch\u00f6ne Stunden zu verbringen.<br \/><br \/>Wir spielen <strong>Salsa<\/strong>, <strong>Bachata <\/strong>und <strong>80\/90er Pop<\/strong>.<br \/><br \/><span style=\"font-size: revert;\">Alle Details finden Sie auf der Seite zur <\/span><a href=\"https:\/\/www.salsa-meets-swing.de\/wordpress\/bootstour\/\">Bootstour<\/a>.<\/p>\n\n\n\n<figure class=\"wp-block-image size-full\"><img loading=\"lazy\" width=\"385\" height=\"680\" src=\"http:\/\/www.salsa-meets-swing.de\/wordpress\/wp-content\/2025\/06\/Flyer1.png\" alt=\"\" class=\"wp-image-3881\" srcset=\"https:\/\/www.salsa-meets-swing.de\/wordpress\/wp-content\/2025\/06\/Flyer1.png 385w, https:\/\/www.salsa-meets-swing.de\/wordpress\/wp-content\/2025\/06\/Flyer1-170x300.png 170w\" sizes=\"(max-width: 385px) 100vw, 385px\" \/><\/figure>\n\n\n\n<p>&nbsp;<\/p>\n\n\n\n<p><\/p>\n\n\n\n<div class=\"wp-container-1 wp-block-group\"><div class=\"wp-block-group__inner-container\">\n<p>      <\/p>\n<\/div><\/div>\n\n\n\n<h4>Der Tanzsportclub Hot Peppers e.V. wurde 1998 gegr\u00fcndet, um sowohl Swing als auch Salsa zu f\u00f6rdern und den Spa\u00df und die Begeisterung daran zu teilen.<\/h4>\n\n\n\n<p>Seit dem geben erfahrene Trainer*innen und Engagierte ihr Wissen und ihre Erfahrung an die Mitglieder unseres Vereins weiter und helfen wenn es ben\u00f6tigt ist, auch ungefragt. Uns ist besonders wichtig, in einem famili\u00e4ren Umfeld ohne Konkurrenzdenken zu sein. Oft machen wir gemeinsam die Partys und Events der Umgebung unsicher.<br \/>Gerne begr\u00fc\u00dfen wir auch Dich in unserer Runde zur unverbindlichen Schnupperstunde, egal ob als Single, Paar oder welchen Leistungsstand du bereits besitzt! Komm einfach vorbei oder kontaktiere uns \u00fcber<\/p>\n\n\n\n<div dir=\"auto\"><a href=\"mailto:info@salsa-meets-swing.de\">info@salsa-meets-swing.de<\/a><\/div>\n\n\n\n<div dir=\"auto\">\n<p>Die Mitgliedschaft von 45 Euro\/Quartal beinhaltet beide Tanzrichtungen.<br \/>Aufnahmeantrag <a href=\"https:\/\/www.salsa-meets-swing.de\/wordpress\/wp-content\/2025\/01\/Aufnahmeantrag_Hot Peppers_2025.pdf\" target=\"_blank\" rel=\"noopener\">Download<\/a><\/p>\n<\/div>\n\n\n\n<div dir=\"auto\">\n<p dir=\"auto\">&nbsp;<\/p>\n<div dir=\"auto\">\n<h4 dir=\"auto\">Salsa \/ Salsa-Rueda \/ Bachata<\/h4>\n<\/div>\n<\/div>\n\n\n\n<div dir=\"auto\">jeden Freitag 19:30 bis 21:30 Uhr<\/div>\n\n\n\n<div dir=\"auto\">Aufgrund unterschiedlicher Trainingsst\u00e4tten bitten wir um Kontaktaufnahme vor Teilnahme!<\/div>\n<div dir=\"auto\">Information: 0157 \/ 88 22 48 34<\/div>\n\n\n\n<div class=\"wp-container-2 wp-block-group\"><div class=\"wp-block-group__inner-container\">\n<div dir=\"auto\">Turnhalle Wilhelm-Strauss-Stra\u00dfe, 41236 M\u00f6nchengladbach (Zugang gegen\u00fcber Bendhecker Str. 20)<\/div>\n<div dir=\"auto\">Sondertrainingseinheiten im WOF, Freiheitsstr. 252, 41747 Viersen<\/div>\n<\/div><\/div>\n\n\n\n<p><\/p>\n\n\n\n<div dir=\"auto\">\n<h4 dir=\"auto\">Lindy-Hop<\/h4>\n<div dir=\"auto\">Zur Zeit kein Training<\/div>\n<div dir=\"auto\">Informationen: 0177 \/ 48 85 325<\/div>\n<div dir=\"auto\">Turnhalle Wilhelm-Strauss-Stra\u00dfe, 41236 M\u00f6nchengladbach (Zugang gegen\u00fcber Bendhecker Str. 20)<\/div>\n<\/div>\n","protected":false},"excerpt":{"rendered":"<p>TANZEN IST PURE LEBENSFREUDE &nbsp; 3. August 2025 &#8211; Salsa-Bachata Bootstour Liebe Hot-Peppers und Freunde,wir w\u00fcrden uns freuen euch auf dem Eventschiff Ruhrperle begr\u00fc\u00dfen zu d\u00fcrfenum gemeinsam ein paar rhythmische und sch\u00f6ne Stunden zu verbringen. Wir spielen Salsa, Bachata und <a class=\"more-link\" href=\"https:\/\/www.salsa-meets-swing.de\/wordpress\/\">Weiterlesen\u00a0\u2026<\/a><\/p>\n","protected":false},"author":7,"featured_media":0,"parent":0,"menu_order":10,"comment_status":"closed","ping_status":"closed","template":"","meta":[],"yoast_head":"<!-- This site is optimized with the Yoast SEO plugin v19.9 - https:\/\/yoast.com\/wordpress\/plugins\/seo\/ -->\n<title>Salsa meets Swing<\/title>\n<meta name=\"description\" content=\"TSC Hot Peppers M\u00f6nchengladbach, Salsa und Lindy Hop Verein in freundschaftlicher Umgebung. Erfahrene Trainer*innen und Engagierte geben ihr Wissen und ihre Erfahrung an die Mitglieder weiter.\" \/>\n<meta name=\"robots\" content=\"index, follow, max-snippet:-1, max-image-preview:large, max-video-preview:-1\" \/>\n<link rel=\"canonical\" href=\"https:\/\/www.salsa-meets-swing.de\/wordpress\/\" \/>\n<meta property=\"og:locale\" content=\"de_DE\" \/>\n<meta property=\"og:type\" content=\"article\" \/>\n<meta property=\"og:title\" content=\"Salsa meets Swing\" \/>\n<meta property=\"og:description\" content=\"TSC Hot Peppers M\u00f6nchengladbach, Salsa und Lindy Hop Verein in freundschaftlicher Umgebung. Erfahrene Trainer*innen und Engagierte geben ihr Wissen und ihre Erfahrung an die Mitglieder weiter.\" \/>\n<meta property=\"og:url\" content=\"https:\/\/www.salsa-meets-swing.de\/wordpress\/\" \/>\n<meta property=\"og:site_name\" content=\"`\" \/>\n<meta property=\"article:modified_time\" content=\"2025-06-11T19:09:07+00:00\" \/>\n<meta property=\"og:image\" content=\"http:\/\/www.salsa-meets-swing.de\/wordpress\/wp-content\/2025\/06\/Flyer1.png\" \/>\n<meta name=\"twitter:label1\" content=\"Gesch\u00e4tzte Lesezeit\" \/>\n\t<meta name=\"twitter:data1\" content=\"2\u00a0Minuten\" \/>\n<script type=\"application\/ld+json\" class=\"yoast-schema-graph\">{\"@context\":\"https:\/\/schema.org\",\"@graph\":[{\"@type\":\"WebPage\",\"@id\":\"https:\/\/www.salsa-meets-swing.de\/wordpress\/\",\"url\":\"https:\/\/www.salsa-meets-swing.de\/wordpress\/\",\"name\":\"Salsa meets Swing\",\"isPartOf\":{\"@id\":\"https:\/\/www.salsa-meets-swing.de\/wordpress\/#website\"},\"datePublished\":\"2014-07-05T17:55:58+00:00\",\"dateModified\":\"2025-06-11T19:09:07+00:00\",\"description\":\"TSC Hot Peppers M\u00f6nchengladbach, Salsa und Lindy Hop Verein in freundschaftlicher Umgebung. Erfahrene Trainer*innen und Engagierte geben ihr Wissen und ihre Erfahrung an die Mitglieder weiter.\",\"breadcrumb\":{\"@id\":\"https:\/\/www.salsa-meets-swing.de\/wordpress\/#breadcrumb\"},\"inLanguage\":\"de\",\"potentialAction\":[{\"@type\":\"ReadAction\",\"target\":[\"https:\/\/www.salsa-meets-swing.de\/wordpress\/\"]}]},{\"@type\":\"BreadcrumbList\",\"@id\":\"https:\/\/www.salsa-meets-swing.de\/wordpress\/#breadcrumb\",\"itemListElement\":[{\"@type\":\"ListItem\",\"position\":1,\"name\":\"Home\",\"item\":\"https:\/\/www.salsa-meets-swing.de\/wordpress\/\"},{\"@type\":\"ListItem\",\"position\":2,\"name\":\"Home\"}]},{\"@type\":\"WebSite\",\"@id\":\"https:\/\/www.salsa-meets-swing.de\/wordpress\/#website\",\"url\":\"https:\/\/www.salsa-meets-swing.de\/wordpress\/\",\"name\":\"`\",\"description\":\"                                                               `\",\"potentialAction\":[{\"@type\":\"SearchAction\",\"target\":{\"@type\":\"EntryPoint\",\"urlTemplate\":\"https:\/\/www.salsa-meets-swing.de\/wordpress\/?s={search_term_string}\"},\"query-input\":\"required name=search_term_string\"}],\"inLanguage\":\"de\"}]}<\/script>\n<!-- \/ Yoast SEO plugin. -->","yoast_head_json":{"title":"Salsa meets Swing","description":"TSC Hot Peppers M\u00f6nchengladbach, Salsa und Lindy Hop Verein in freundschaftlicher Umgebung. Erfahrene Trainer*innen und Engagierte geben ihr Wissen und ihre Erfahrung an die Mitglieder weiter.","robots":{"index":"index","follow":"follow","max-snippet":"max-snippet:-1","max-image-preview":"max-image-preview:large","max-video-preview":"max-video-preview:-1"},"canonical":"https:\/\/www.salsa-meets-swing.de\/wordpress\/","og_locale":"de_DE","og_type":"article","og_title":"Salsa meets Swing","og_description":"TSC Hot Peppers M\u00f6nchengladbach, Salsa und Lindy Hop Verein in freundschaftlicher Umgebung. Erfahrene Trainer*innen und Engagierte geben ihr Wissen und ihre Erfahrung an die Mitglieder weiter.","og_url":"https:\/\/www.salsa-meets-swing.de\/wordpress\/","og_site_name":"`","article_modified_time":"2025-06-11T19:09:07+00:00","og_image":[{"url":"http:\/\/www.salsa-meets-swing.de\/wordpress\/wp-content\/2025\/06\/Flyer1.png"}],"twitter_misc":{"Gesch\u00e4tzte Lesezeit":"2\u00a0Minuten"},"schema":{"@context":"https:\/\/schema.org","@graph":[{"@type":"WebPage","@id":"https:\/\/www.salsa-meets-swing.de\/wordpress\/","url":"https:\/\/www.salsa-meets-swing.de\/wordpress\/","name":"Salsa meets Swing","isPartOf":{"@id":"https:\/\/www.salsa-meets-swing.de\/wordpress\/#website"},"datePublished":"2014-07-05T17:55:58+00:00","dateModified":"2025-06-11T19:09:07+00:00","description":"TSC Hot Peppers M\u00f6nchengladbach, Salsa und Lindy Hop Verein in freundschaftlicher Umgebung. Erfahrene Trainer*innen und Engagierte geben ihr Wissen und ihre Erfahrung an die Mitglieder weiter.","breadcrumb":{"@id":"https:\/\/www.salsa-meets-swing.de\/wordpress\/#breadcrumb"},"inLanguage":"de","potentialAction":[{"@type":"ReadAction","target":["https:\/\/www.salsa-meets-swing.de\/wordpress\/"]}]},{"@type":"BreadcrumbList","@id":"https:\/\/www.salsa-meets-swing.de\/wordpress\/#breadcrumb","itemListElement":[{"@type":"ListItem","position":1,"name":"Home","item":"https:\/\/www.salsa-meets-swing.de\/wordpress\/"},{"@type":"ListItem","position":2,"name":"Home"}]},{"@type":"WebSite","@id":"https:\/\/www.salsa-meets-swing.de\/wordpress\/#website","url":"https:\/\/www.salsa-meets-swing.de\/wordpress\/","name":"`","description":"                                                               `","potentialAction":[{"@type":"SearchAction","target":{"@type":"EntryPoint","urlTemplate":"https:\/\/www.salsa-meets-swing.de\/wordpress\/?s={search_term_string}"},"query-input":"required name=search_term_string"}],"inLanguage":"de"}]}},"_links":{"self":[{"href":"https:\/\/www.salsa-meets-swing.de\/wordpress\/wp-json\/wp\/v2\/pages\/1130"}],"collection":[{"href":"https:\/\/www.salsa-meets-swing.de\/wordpress\/wp-json\/wp\/v2\/pages"}],"about":[{"href":"https:\/\/www.salsa-meets-swing.de\/wordpress\/wp-json\/wp\/v2\/types\/page"}],"author":[{"embeddable":true,"href":"https:\/\/www.salsa-meets-swing.de\/wordpress\/wp-json\/wp\/v2\/users\/7"}],"replies":[{"embeddable":true,"href":"https:\/\/www.salsa-meets-swing.de\/wordpress\/wp-json\/wp\/v2\/comments?post=1130"}],"version-history":[{"count":126,"href":"https:\/\/www.salsa-meets-swing.de\/wordpress\/wp-json\/wp\/v2\/pages\/1130\/revisions"}],"predecessor-version":[{"id":3888,"href":"https:\/\/www.salsa-meets-swing.de\/wordpress\/wp-json\/wp\/v2\/pages\/1130\/revisions\/3888"}],"wp:attachment":[{"href":"https:\/\/www.salsa-meets-swing.de\/wordpress\/wp-json\/wp\/v2\/media?parent=1130"}],"curies":[{"name":"wp","href":"https:\/\/api.w.org\/{rel}","templated":true}]}}