{"id":1441,"date":"2014-08-17T09:19:11","date_gmt":"2014-08-17T08:19:11","guid":{"rendered":"http:\/\/www.salsa-meets-swing.de\/wordpress\/?page_id=1441"},"modified":"2024-02-06T11:58:52","modified_gmt":"2024-02-06T10:58:52","slug":"salsa","status":"publish","type":"page","link":"https:\/\/www.salsa-meets-swing.de\/wordpress\/salsa\/","title":{"rendered":"Tanja &#038; Simone; Trainer*in"},"content":{"rendered":"\n<p>Unser spritziges, fr\u00f6hliches Trainerpaar mit Leidenschaft, Feuer und Einf\u00fchlungsverm\u00f6gen. Die Beiden haben mehr als 20 Jahre t\u00e4nzerische und tanzp\u00e4dagogische Erfahrung sowie diverse Fortbildungen in den Bereichen Salsa, Bachata, Afro-Pop, Flamenco, Afro-Kubanische T\u00e4nze, Ballett, Step Basic Instructor Diplom (ISAS).<\/p>\n\n\n\n<p>Tanja kommt urspr\u00fcnglich aus dem Bereich Ballett und Flamenco, dass sich im Ladystyling mit dem Arm- und Hand-Styling wiederfindet.<\/p>\n\n\n\n<p>Simone, der charmante Italiener, begeistert mit seinem s\u00fcdl\u00e4ndischen Esprit.<\/p>\n\n\n\n<figure class=\"wp-container-2 wp-block-gallery-1 wp-block-gallery has-nested-images columns-default is-cropped\">\n<figure class=\"wp-block-image size-large\"><img loading=\"lazy\" width=\"300\" height=\"200\" data-id=\"1202\"  src=\"http:\/\/www.salsa-meets-swing.de\/wordpress\/wp-content\/2014\/07\/Tanja-und-Simone-1-e1646779284385.jpg\" alt=\"\" class=\"wp-image-1202\"\/><figcaption>Trainer Tanja und Simone<\/figcaption><\/figure>\n<\/figure>\n\n\n\n<p><\/p>\n","protected":false},"excerpt":{"rendered":"<p>Unser spritziges, fr\u00f6hliches Trainerpaar mit Leidenschaft, Feuer und Einf\u00fchlungsverm\u00f6gen. Die Beiden haben mehr als 20 Jahre t\u00e4nzerische und tanzp\u00e4dagogische Erfahrung sowie diverse Fortbildungen in den Bereichen Salsa, Bachata, Afro-Pop, Flamenco, Afro-Kubanische T\u00e4nze, Ballett, Step Basic Instructor Diplom (ISAS). Tanja kommt <a class=\"more-link\" href=\"https:\/\/www.salsa-meets-swing.de\/wordpress\/salsa\/\">Weiterlesen\u00a0\u2026<\/a><\/p>\n","protected":false},"author":7,"featured_media":3377,"parent":0,"menu_order":12,"comment_status":"closed","ping_status":"closed","template":"","meta":[],"yoast_head":"<!-- This site is optimized with the Yoast SEO plugin v19.9 - https:\/\/yoast.com\/wordpress\/plugins\/seo\/ -->\n<title>Tanja &amp; Simone; Trainer*in - `<\/title>\n<meta name=\"robots\" content=\"index, follow, max-snippet:-1, max-image-preview:large, max-video-preview:-1\" \/>\n<link rel=\"canonical\" href=\"http:\/\/www.salsa-meets-swing.de\/wordpress\/salsa\/\" \/>\n<meta property=\"og:locale\" content=\"de_DE\" \/>\n<meta property=\"og:type\" content=\"article\" \/>\n<meta property=\"og:title\" content=\"Tanja &amp; Simone; Trainer*in - `\" \/>\n<meta property=\"og:description\" content=\"Unser spritziges, fr\u00f6hliches Trainerpaar mit Leidenschaft, Feuer und Einf\u00fchlungsverm\u00f6gen. Die Beiden haben mehr als 20 Jahre t\u00e4nzerische und tanzp\u00e4dagogische Erfahrung sowie diverse Fortbildungen in den Bereichen Salsa, Bachata, Afro-Pop, Flamenco, Afro-Kubanische T\u00e4nze, Ballett, Step Basic Instructor Diplom (ISAS). Tanja kommt Weiterlesen\u00a0\u2026\" \/>\n<meta property=\"og:url\" content=\"http:\/\/www.salsa-meets-swing.de\/wordpress\/salsa\/\" \/>\n<meta property=\"og:site_name\" content=\"`\" \/>\n<meta property=\"article:modified_time\" content=\"2024-02-06T10:58:52+00:00\" \/>\n<meta property=\"og:image\" content=\"http:\/\/www.salsa-meets-swing.de\/wordpress\/wp-content\/2022\/01\/dsc_9454.jpg\" \/>\n\t<meta property=\"og:image:width\" content=\"1286\" \/>\n\t<meta property=\"og:image:height\" content=\"854\" \/>\n\t<meta property=\"og:image:type\" content=\"image\/jpeg\" \/>\n<meta name=\"twitter:label1\" content=\"Gesch\u00e4tzte Lesezeit\" \/>\n\t<meta name=\"twitter:data1\" content=\"1\u00a0Minute\" \/>\n<script type=\"application\/ld+json\" class=\"yoast-schema-graph\">{\"@context\":\"https:\/\/schema.org\",\"@graph\":[{\"@type\":\"WebPage\",\"@id\":\"http:\/\/www.salsa-meets-swing.de\/wordpress\/salsa\/\",\"url\":\"http:\/\/www.salsa-meets-swing.de\/wordpress\/salsa\/\",\"name\":\"Tanja & Simone; Trainer*in - `\",\"isPartOf\":{\"@id\":\"https:\/\/www.salsa-meets-swing.de\/wordpress\/#website\"},\"datePublished\":\"2014-08-17T08:19:11+00:00\",\"dateModified\":\"2024-02-06T10:58:52+00:00\",\"breadcrumb\":{\"@id\":\"http:\/\/www.salsa-meets-swing.de\/wordpress\/salsa\/#breadcrumb\"},\"inLanguage\":\"de\",\"potentialAction\":[{\"@type\":\"ReadAction\",\"target\":[\"http:\/\/www.salsa-meets-swing.de\/wordpress\/salsa\/\"]}]},{\"@type\":\"BreadcrumbList\",\"@id\":\"http:\/\/www.salsa-meets-swing.de\/wordpress\/salsa\/#breadcrumb\",\"itemListElement\":[{\"@type\":\"ListItem\",\"position\":1,\"name\":\"Home\",\"item\":\"https:\/\/www.salsa-meets-swing.de\/wordpress\/\"},{\"@type\":\"ListItem\",\"position\":2,\"name\":\"Tanja &#038; Simone; Trainer*in\"}]},{\"@type\":\"WebSite\",\"@id\":\"https:\/\/www.salsa-meets-swing.de\/wordpress\/#website\",\"url\":\"https:\/\/www.salsa-meets-swing.de\/wordpress\/\",\"name\":\"`\",\"description\":\"                                                               `\",\"potentialAction\":[{\"@type\":\"SearchAction\",\"target\":{\"@type\":\"EntryPoint\",\"urlTemplate\":\"https:\/\/www.salsa-meets-swing.de\/wordpress\/?s={search_term_string}\"},\"query-input\":\"required name=search_term_string\"}],\"inLanguage\":\"de\"}]}<\/script>\n<!-- \/ Yoast SEO plugin. -->","yoast_head_json":{"title":"Tanja & Simone; Trainer*in - `","robots":{"index":"index","follow":"follow","max-snippet":"max-snippet:-1","max-image-preview":"max-image-preview:large","max-video-preview":"max-video-preview:-1"},"canonical":"http:\/\/www.salsa-meets-swing.de\/wordpress\/salsa\/","og_locale":"de_DE","og_type":"article","og_title":"Tanja & Simone; Trainer*in - `","og_description":"Unser spritziges, fr\u00f6hliches Trainerpaar mit Leidenschaft, Feuer und Einf\u00fchlungsverm\u00f6gen. Die Beiden haben mehr als 20 Jahre t\u00e4nzerische und tanzp\u00e4dagogische Erfahrung sowie diverse Fortbildungen in den Bereichen Salsa, Bachata, Afro-Pop, Flamenco, Afro-Kubanische T\u00e4nze, Ballett, Step Basic Instructor Diplom (ISAS). Tanja kommt Weiterlesen\u00a0\u2026","og_url":"http:\/\/www.salsa-meets-swing.de\/wordpress\/salsa\/","og_site_name":"`","article_modified_time":"2024-02-06T10:58:52+00:00","og_image":[{"width":1286,"height":854,"url":"http:\/\/www.salsa-meets-swing.de\/wordpress\/wp-content\/2022\/01\/dsc_9454.jpg","type":"image\/jpeg"}],"twitter_misc":{"Gesch\u00e4tzte Lesezeit":"1\u00a0Minute"},"schema":{"@context":"https:\/\/schema.org","@graph":[{"@type":"WebPage","@id":"http:\/\/www.salsa-meets-swing.de\/wordpress\/salsa\/","url":"http:\/\/www.salsa-meets-swing.de\/wordpress\/salsa\/","name":"Tanja & Simone; Trainer*in - `","isPartOf":{"@id":"https:\/\/www.salsa-meets-swing.de\/wordpress\/#website"},"datePublished":"2014-08-17T08:19:11+00:00","dateModified":"2024-02-06T10:58:52+00:00","breadcrumb":{"@id":"http:\/\/www.salsa-meets-swing.de\/wordpress\/salsa\/#breadcrumb"},"inLanguage":"de","potentialAction":[{"@type":"ReadAction","target":["http:\/\/www.salsa-meets-swing.de\/wordpress\/salsa\/"]}]},{"@type":"BreadcrumbList","@id":"http:\/\/www.salsa-meets-swing.de\/wordpress\/salsa\/#breadcrumb","itemListElement":[{"@type":"ListItem","position":1,"name":"Home","item":"https:\/\/www.salsa-meets-swing.de\/wordpress\/"},{"@type":"ListItem","position":2,"name":"Tanja &#038; Simone; Trainer*in"}]},{"@type":"WebSite","@id":"https:\/\/www.salsa-meets-swing.de\/wordpress\/#website","url":"https:\/\/www.salsa-meets-swing.de\/wordpress\/","name":"`","description":"                                                               `","potentialAction":[{"@type":"SearchAction","target":{"@type":"EntryPoint","urlTemplate":"https:\/\/www.salsa-meets-swing.de\/wordpress\/?s={search_term_string}"},"query-input":"required name=search_term_string"}],"inLanguage":"de"}]}},"_links":{"self":[{"href":"https:\/\/www.salsa-meets-swing.de\/wordpress\/wp-json\/wp\/v2\/pages\/1441"}],"collection":[{"href":"https:\/\/www.salsa-meets-swing.de\/wordpress\/wp-json\/wp\/v2\/pages"}],"about":[{"href":"https:\/\/www.salsa-meets-swing.de\/wordpress\/wp-json\/wp\/v2\/types\/page"}],"author":[{"embeddable":true,"href":"https:\/\/www.salsa-meets-swing.de\/wordpress\/wp-json\/wp\/v2\/users\/7"}],"replies":[{"embeddable":true,"href":"https:\/\/www.salsa-meets-swing.de\/wordpress\/wp-json\/wp\/v2\/comments?post=1441"}],"version-history":[{"count":46,"href":"https:\/\/www.salsa-meets-swing.de\/wordpress\/wp-json\/wp\/v2\/pages\/1441\/revisions"}],"predecessor-version":[{"id":3757,"href":"https:\/\/www.salsa-meets-swing.de\/wordpress\/wp-json\/wp\/v2\/pages\/1441\/revisions\/3757"}],"wp:featuredmedia":[{"embeddable":true,"href":"https:\/\/www.salsa-meets-swing.de\/wordpress\/wp-json\/wp\/v2\/media\/3377"}],"wp:attachment":[{"href":"https:\/\/www.salsa-meets-swing.de\/wordpress\/wp-json\/wp\/v2\/media?parent=1441"}],"curies":[{"name":"wp","href":"https:\/\/api.w.org\/{rel}","templated":true}]}}